{"id":5574,"date":"2016-12-03T15:44:41","date_gmt":"2016-12-03T15:44:41","guid":{"rendered":"https:\/\/demo.wpzoom.com\/inspiro\/?page_id=5574"},"modified":"2026-04-03T06:34:42","modified_gmt":"2026-04-03T06:34:42","slug":"services","status":"publish","type":"page","link":"https:\/\/buzz-edhec.com\/?page_id=5574","title":{"rendered":"Services"},"content":{"rendered":"\n<main class=\"wp-block-group alignfull site-content is-layout-flow wp-block-group-is-layout-flow\" id=\"header\" style=\"margin-top:0\">\n<div class=\"wp-block-cover alignfull\" style=\"padding-top:0px\"><img loading=\"lazy\" decoding=\"async\" width=\"768\" height=\"1024\" class=\"wp-block-cover__image-background wp-image-7095 size-large\" alt=\"\" src=\"https:\/\/buzz-edhec.com\/wp-content\/uploads\/2026\/04\/IMG_6383-768x1024.jpg\" data-object-fit=\"cover\" srcset=\"https:\/\/buzz-edhec.com\/wp-content\/uploads\/2026\/04\/IMG_6383-768x1024.jpg 768w, https:\/\/buzz-edhec.com\/wp-content\/uploads\/2026\/04\/IMG_6383-225x300.jpg 225w, https:\/\/buzz-edhec.com\/wp-content\/uploads\/2026\/04\/IMG_6383.jpg 1536w\" sizes=\"auto, (max-width: 768px) 100vw, 768px\" \/><span aria-hidden=\"true\" class=\"wp-block-cover__background has-black-background-color has-background-dim-40 has-background-dim\"><\/span><div class=\"wp-block-cover__inner-container is-layout-flow wp-block-cover-is-layout-flow\">\n<div class=\"wp-block-group is-style-default has-global-padding is-layout-constrained wp-block-group-is-layout-constrained\">\n<h2 class=\"wp-block-heading has-white-color has-text-color has-max-48-font-size\">Services<\/h2>\n<\/div>\n<\/div><\/div>\n<\/main>\n\n\n\n<div class=\"wp-block-group has-global-padding is-layout-constrained wp-container-core-group-is-layout-3a820303 wp-block-group-is-layout-constrained\" style=\"padding-right:var(--wp--preset--spacing--small);padding-left:var(--wp--preset--spacing--small)\">\n<div class=\"wp-block-group is-layout-flow wp-block-group-is-layout-flow\">\n<p class=\"has-secondary-color has-text-color\">COMMENT NOUS TRAVAILLONS<\/p>\n\n\n\n<h2 class=\"wp-block-heading has-max-48-font-size\">Notre fonctionnement<\/h2>\n\n\n\n<div style=\"height:63px\" aria-hidden=\"true\" class=\"wp-block-spacer\"><\/div>\n\n\n\n<div class=\"wp-block-columns is-layout-flex wp-container-core-columns-is-layout-28f84493 wp-block-columns-is-layout-flex\">\n<div class=\"wp-block-column is-style-default is-layout-flow wp-block-column-is-layout-flow\" style=\"border-top-style:none;border-top-width:0px;border-right-style:none;border-right-width:0px;border-bottom-style:none;border-bottom-width:0px;border-left-color:var(--wp--preset--color--lightgrey);border-left-width:1px;padding-top:35px;padding-right:2%;padding-bottom:35px;padding-left:5%\">\n<h2 class=\"wp-block-heading has-primary-color has-text-color\"><strong>1.<\/strong><\/h2>\n\n\n\n<div style=\"height:0px\" aria-hidden=\"true\" class=\"wp-block-spacer\"><\/div>\n\n\n\n<h2 class=\"wp-block-heading\">Planification<\/h2>\n\n\n\n<p>L&#8217;\u00e9tape cl\u00e9 pour une vid\u00e9o qui impacte. Nous organisons la logistique technique et le rep\u00e9rage de vos lieux de tournage dans la <strong>m\u00e9tropole de Lille<\/strong>&nbsp;pour ne laisser aucune place \u00e0 l&#8217;impr\u00e9vu. Que ce soit pour un \u00e9v\u00e9nement \u00e9tudiant ou un teaser de marque, nous cadrons vos objectifs avant de sortir les cam\u00e9ras.<\/p>\n<\/div>\n\n\n\n<div class=\"wp-block-column is-style-default is-layout-flow wp-block-column-is-layout-flow\" style=\"border-top-style:none;border-top-width:0px;border-right-style:none;border-right-width:0px;border-bottom-style:none;border-bottom-width:0px;border-left-color:var(--wp--preset--color--lightgrey);border-left-width:1px;padding-top:35px;padding-right:2%;padding-bottom:35px;padding-left:5%\">\n<h2 class=\"wp-block-heading has-primary-color has-text-color\"><strong>2.<\/strong><\/h2>\n\n\n\n<h2 class=\"wp-block-heading\">Shooting<\/h2>\n\n\n\n<p>Nos cadreurs assurent une prise de vue professionnelle au c\u0153ur du&nbsp;<strong>Vieux-Lille<\/strong>. \u00c9quip\u00e9s de mat\u00e9riel haute d\u00e9finition, nous capturons chaque angle avec pr\u00e9cision pour cr\u00e9er des images fortes, authentiques et pr\u00eates \u00e0 devenir virales sur vos r\u00e9seaux sociaux.<\/p>\n<\/div>\n\n\n\n<div class=\"wp-block-column is-style-default is-layout-flow wp-block-column-is-layout-flow\" style=\"border-top-style:none;border-top-width:0px;border-right-style:none;border-right-width:0px;border-bottom-style:none;border-bottom-width:0px;border-left-color:var(--wp--preset--color--lightgrey);border-left-width:1px;padding-top:35px;padding-right:2%;padding-bottom:35px;padding-left:5%\">\n<h2 class=\"wp-block-heading has-primary-color has-text-color\"><strong>3.<\/strong><\/h2>\n\n\n\n<h2 class=\"wp-block-heading\">Montage<\/h2>\n\n\n\n<p>Nous transformons les rushes bruts en films percutants gr\u00e2ce \u00e0 un montage rythm\u00e9 et une identit\u00e9 sonore unique. Nos montages sont con\u00e7us pour captiver l&#8217;audience et renforcer votre image de marque.<\/p>\n<\/div>\n<\/div>\n<\/div>\n<\/div>\n\n\n\n<div id=\"services\" class=\"wp-block-group pattern_multiple_covers has-global-padding is-layout-constrained wp-container-core-group-is-layout-3a820303 wp-block-group-is-layout-constrained\" style=\"padding-right:var(--wp--preset--spacing--small);padding-left:var(--wp--preset--spacing--small)\">\n<p class=\"has-text-align-left has-secondary-color has-text-color\" style=\"letter-spacing:1px\">TRAVAILLONS ENSEMBLE<\/p>\n\n\n\n<h2 class=\"wp-block-heading has-text-align-left has-large-font-size\">Nos Services<\/h2>\n\n\n\n<p class=\"has-text-align-left\"><strong>BUZZ<\/strong>&nbsp;est votre expert en&nbsp;<strong>production audiovisuelle \u00e0 Lille<\/strong>, sp\u00e9cialis\u00e9 dans le filmage et la captation d&#8217;\u00e9v\u00e9nements. Nous mettons notre ma\u00eetrise technique au service de votre image pour transformer chaque projet en une r\u00e9alisation vid\u00e9o de haute pr\u00e9cision.<\/p>\n\n\n\n<div class=\"wp-block-columns is-layout-flex wp-container-core-columns-is-layout-28f84493 wp-block-columns-is-layout-flex\">\n<div class=\"wp-block-column is-layout-flow wp-block-column-is-layout-flow\" style=\"padding-top:0;padding-right:0;padding-bottom:0;padding-left:0\">\n<div class=\"wp-block-cover has-custom-content-position is-position-bottom-left\" style=\"padding-top:var(--wp--preset--spacing--small);padding-right:var(--wp--preset--spacing--x-small);padding-bottom:var(--wp--preset--spacing--small);padding-left:var(--wp--preset--spacing--x-small)\"><img decoding=\"async\" class=\"wp-block-cover__image-background wp-image-7392\" alt=\"\" src=\"https:\/\/demo.wpzoom.com\/inspiro-lite-blocks-xml\/wp-content\/themes\/inspiro-lite\/assets\/images\/StockSnap_356BERTH29.jpg\" data-object-fit=\"cover\"\/><span aria-hidden=\"true\" class=\"wp-block-cover__background has-primary-background-color has-background-dim-70 has-background-dim\"><\/span><div class=\"wp-block-cover__inner-container is-layout-flow wp-block-cover-is-layout-flow\">\n<h3 class=\"wp-block-heading has-white-color has-text-color has-medium-font-size\" style=\"margin-top:0;margin-right:0;margin-bottom:0;margin-left:0\">Production de vid\u00e9os<\/h3>\n\n\n\n<p class=\"has-secondary-color has-text-color has-link-color wp-elements-4723400a59d3f2645117d235f1e843c6\" style=\"margin-top:0;margin-right:0;margin-bottom:0;margin-left:0\"><a href=\"https:\/\/buzz-edhec.com\/?page_id=628\" data-type=\"page\" data-id=\"628\">Nous contacter \u2192<\/a><\/p>\n<\/div><\/div>\n<\/div>\n\n\n\n<div class=\"wp-block-column is-layout-flow wp-block-column-is-layout-flow\" style=\"padding-top:0;padding-right:0;padding-bottom:0;padding-left:0\">\n<div class=\"wp-block-cover has-custom-content-position is-position-bottom-left\" style=\"padding-top:var(--wp--preset--spacing--small);padding-right:var(--wp--preset--spacing--x-small);padding-bottom:var(--wp--preset--spacing--small);padding-left:var(--wp--preset--spacing--x-small)\"><img decoding=\"async\" class=\"wp-block-cover__image-background wp-image-7394\" alt=\"\" src=\"https:\/\/demo.wpzoom.com\/inspiro-lite-blocks-xml\/wp-content\/themes\/inspiro-lite\/assets\/images\/StockSnap_KV0WLH355C.jpg\" data-object-fit=\"cover\"\/><span aria-hidden=\"true\" class=\"wp-block-cover__background has-primary-background-color has-background-dim-70 has-background-dim\"><\/span><div class=\"wp-block-cover__inner-container is-layout-flow wp-block-cover-is-layout-flow\">\n<h3 class=\"wp-block-heading has-white-color has-text-color has-medium-font-size\" style=\"margin-top:0;margin-right:0;margin-bottom:0;margin-left:0\">Montage Professionel<\/h3>\n\n\n\n<p class=\"has-secondary-color has-text-color has-link-color wp-elements-4723400a59d3f2645117d235f1e843c6\" style=\"margin-top:0;margin-right:0;margin-bottom:0;margin-left:0\"><a href=\"https:\/\/buzz-edhec.com\/?page_id=628\" data-type=\"page\" data-id=\"628\">Nous contacter \u2192<\/a><\/p>\n<\/div><\/div>\n<\/div>\n<\/div>\n<\/div>\n\n\n\n<div class=\"wp-block-columns is-layout-flex wp-container-core-columns-is-layout-28f84493 wp-block-columns-is-layout-flex\">\n<div class=\"wp-block-column is-layout-flow wp-block-column-is-layout-flow\">\n<figure class=\"wp-block-image size-large\"><img loading=\"lazy\" decoding=\"async\" width=\"1010\" height=\"1024\" src=\"https:\/\/buzz-edhec.com\/wp-content\/uploads\/2026\/04\/Capture-decran-2026-04-02-a-15.39.36-1010x1024.webp\" alt=\"\" class=\"wp-image-7133\" srcset=\"https:\/\/buzz-edhec.com\/wp-content\/uploads\/2026\/04\/Capture-decran-2026-04-02-a-15.39.36-1010x1024.webp 1010w, https:\/\/buzz-edhec.com\/wp-content\/uploads\/2026\/04\/Capture-decran-2026-04-02-a-15.39.36-296x300.webp 296w, https:\/\/buzz-edhec.com\/wp-content\/uploads\/2026\/04\/Capture-decran-2026-04-02-a-15.39.36.webp 1014w\" sizes=\"auto, (max-width: 1010px) 100vw, 1010px\" \/><\/figure>\n<\/div>\n\n\n\n<div class=\"wp-block-column is-layout-flow wp-block-column-is-layout-flow\">\n<h2 class=\"wp-block-heading\">Production Vid\u00e9o &amp; Captation Immersion<\/h2>\n\n\n\n<p>La&nbsp;<strong>production vid\u00e9o<\/strong>&nbsp;est le pilier de toute strat\u00e9gie de communication moderne. Chez&nbsp;<strong>Buzz<\/strong>, nous accompagnons les entreprises, les associations et les cr\u00e9ateurs de la&nbsp;<strong>13\u00e8me g\u00e9n\u00e9ration<\/strong>&nbsp;dans la r\u00e9alisation de contenus \u00e0 fort impact. Bas\u00e9s \u00e0&nbsp;<strong>Lille<\/strong>, nous ma\u00eetrisons l&#8217;ensemble de la cha\u00eene de production, de la r\u00e9flexion strat\u00e9gique au tournage haute d\u00e9finition.<\/p>\n\n\n\n<p>Notre expertise en&nbsp;<strong>captation audiovisuelle<\/strong>&nbsp;nous permet d&#8217;intervenir sur des terrains vari\u00e9s : captation de festivals, teasers \u00e9v\u00e9nementiels dynamiques ou vid\u00e9os institutionnelles. Nous utilisons du mat\u00e9riel de pointe (4K, drones, stabilisation) pour garantir une qualit\u00e9 d&#8217;image professionnelle qui saura captiver votre audience sur le web et les r\u00e9seaux sociaux. En choisissant un&nbsp;<strong>vid\u00e9aste \u00e0 Lille<\/strong>&nbsp;comme Buzz, vous b\u00e9n\u00e9ficiez d&#8217;une connaissance parfaite du terrain et d&#8217;une r\u00e9activit\u00e9 indispensable pour vos tournages en ext\u00e9rieur ou en studio.<\/p>\n\n\n\n<p><strong>Contenus R\u00e9seaux Sociaux :<\/strong>&nbsp;Tournage optimis\u00e9 pour les formats verticaux (TikTok, R\u00e9els Instagram) afin de maximiser la viralit\u00e9.<\/p>\n\n\n\n<p><strong>Teasers \u00c9v\u00e9nementiels :<\/strong>&nbsp;Cr\u00e9ation de vid\u00e9os courtes et explosives pour g\u00e9n\u00e9rer de l&#8217;engagement.<\/p>\n\n\n\n<p><strong>Reportages &amp; Interviews :<\/strong>&nbsp;Mise en avant de vos projets et de vos \u00e9quipes avec une approche storytelling.<\/p>\n<\/div>\n<\/div>\n\n\n\n<div class=\"wp-block-columns is-layout-flex wp-container-core-columns-is-layout-28f84493 wp-block-columns-is-layout-flex\">\n<div class=\"wp-block-column is-layout-flow wp-block-column-is-layout-flow\">\n<h2 class=\"wp-block-heading\">Montage Vid\u00e9o &amp; Post-Production Digitale<\/h2>\n\n\n\n<p>Le&nbsp;<strong>montage vid\u00e9o<\/strong>&nbsp;est l&#8217;\u00e9tape o\u00f9 votre projet prend v\u00e9ritablement vie. Ce n&#8217;est pas simplement assembler des clips, c&#8217;est construire une \u00e9motion. Dans notre studio de post-production \u00e0&nbsp;<strong>Lille<\/strong>, l&#8217;\u00e9quipe de&nbsp;<strong>Buzz<\/strong>&nbsp;traite vos rushes avec une pr\u00e9cision chirurgicale pour d\u00e9livrer un produit fini pr\u00eat \u00e0 la diffusion.<\/p>\n\n\n\n<p>Nous intervenons sur tous les aspects de la&nbsp;<strong>post-production digitale<\/strong>&nbsp;: d\u00e9coupage narratif, \u00e9talonnage colorim\u00e9trique pour donner un look &#8220;cin\u00e9ma&#8221; \u00e0 vos vid\u00e9os, et habillage graphique (motion design l\u00e9ger). Une attention particuli\u00e8re est port\u00e9e \u00e0 l&#8217;<strong>identit\u00e9 sonore<\/strong>&nbsp;: mixage audio, sound design et s\u00e9lection de musiques percutantes qui viennent renforcer l&#8217;impact visuel de votre film. Que vous ayez d\u00e9j\u00e0 vos propres images ou que nous ayons r\u00e9alis\u00e9 le tournage, nous adaptons notre montage \u00e0 vos objectifs marketing et \u00e0 l&#8217;esth\u00e9tique de votre marque.<\/p>\n\n\n\n<p><strong>\u00c9talonnage Professionnel :<\/strong>&nbsp;Harmonisation des couleurs pour une image haut de gamme.<\/p>\n\n\n\n<p><strong>Habillage Dynamique :<\/strong>&nbsp;Ajout de titres, sous-titres et \u00e9l\u00e9ments graphiques pour une meilleure lisibilit\u00e9.<\/p>\n\n\n\n<p><strong>Optimisation Multi-Supports :<\/strong>&nbsp;Exportation de vos films dans les formats id\u00e9aux pour YouTube, votre site web ou la t\u00e9l\u00e9vision.<\/p>\n<\/div>\n\n\n\n<div class=\"wp-block-column is-layout-flow wp-block-column-is-layout-flow\">\n<figure class=\"wp-block-embed is-type-video is-provider-youtube wp-block-embed-youtube wp-embed-aspect-16-9 wp-has-aspect-ratio\"><div class=\"wp-block-embed__wrapper\">\n<iframe loading=\"lazy\" title=\"NOCTURNE 93 BDA\" width=\"950\" height=\"534\" src=\"https:\/\/www.youtube.com\/embed\/NuvKdbvOp_k?feature=oembed\" frameborder=\"0\" allow=\"accelerometer; autoplay; clipboard-write; encrypted-media; gyroscope; picture-in-picture; web-share\" referrerpolicy=\"strict-origin-when-cross-origin\" allowfullscreen><\/iframe>\n<\/div><\/figure>\n\n\n\n<p><strong>&#8220;Exemple de production de montage vid\u00e9o de l&#8217;association audiovisuelle de Lille &#8220;BUZZ&#8221; pour l&#8217;association Bureau des Arts EDHEC.&#8221;<\/strong><\/p>\n<\/div>\n<\/div>\n\n\n\n<div class=\"wp-block-cover alignfull\" style=\"min-height:549px;aspect-ratio:unset;\"><img decoding=\"async\" class=\"wp-block-cover__image-background wp-image-7391\" alt=\"\" src=\"https:\/\/demo.wpzoom.com\/inspiro-lite-blocks-xml\/wp-content\/themes\/inspiro-lite\/assets\/images\/StockSnap_6O7JXC5DC5.jpg\" data-object-fit=\"cover\"\/><span aria-hidden=\"true\" class=\"wp-block-cover__background has-black-background-color has-background-dim-60 has-background-dim\"><\/span><div class=\"wp-block-cover__inner-container is-layout-flow wp-block-cover-is-layout-flow\">\n<div class=\"wp-block-group has-global-padding is-layout-constrained wp-container-core-group-is-layout-4383d167 wp-block-group-is-layout-constrained\">\n<div style=\"height:88px\" aria-hidden=\"true\" class=\"wp-block-spacer\"><\/div>\n\n\n\n<h2 class=\"wp-block-heading has-white-color has-text-color has-max-48-font-size\">Pourquoi nous ? <\/h2>\n\n\n\n<p>D\u00e9couvrez qui nous sommes et pourquoi faire appel \u00e0 nous.<\/p>\n\n\n\n<div class=\"wp-block-buttons is-layout-flex wp-block-buttons-is-layout-flex\">\n<div class=\"wp-block-button is-style-outline is-style-outline--1\"><a class=\"wp-block-button__link wp-element-button\" href=\"https:\/\/buzz-edhec.com\/?page_id=6835\" style=\"border-radius:0px;text-transform:uppercase\">EN SAVOIR PLUS<\/a><\/div>\n<\/div>\n\n\n\n<div style=\"height:63px\" aria-hidden=\"true\" class=\"wp-block-spacer\"><\/div>\n<\/div>\n<\/div><\/div>\n\n\n\n<div style=\"height:0px\" aria-hidden=\"true\" class=\"wp-block-spacer\"><\/div>\n\n\n\n<div class=\"wp-block-group has-global-padding is-layout-constrained wp-block-group-is-layout-constrained\">\n<p><strong>Un projet vid\u00e9o ou un \u00e9v\u00e9nement \u00e0 Lille ? Parlons-en !<\/strong>&nbsp;Que ce soit pour capturer l\u2019\u00e9nergie de la 13\u00e8me g\u00e9n\u00e9ration ou couvrir votre prochain \u00e9v\u00e9nement dans le Nord, l\u2019\u00e9quipe&nbsp;<strong>Buzz<\/strong>&nbsp;est pr\u00eate. Remplissez le formulaire et on vous r\u00e9pond sous 24h.<\/p>\n<\/div>\n\n\n\n<div class=\"wp-block-group has-global-padding is-layout-constrained wp-block-group-is-layout-constrained\">\n<div class=\"wpcf7 no-js\" id=\"wpcf7-f7103-o1\" lang=\"en-US\" dir=\"ltr\" data-wpcf7-id=\"7103\">\n<div class=\"screen-reader-response\"><p role=\"status\" aria-live=\"polite\" aria-atomic=\"true\"><\/p> <ul><\/ul><\/div>\n<form action=\"\/index.php?rest_route=%2Fwp%2Fv2%2Fpages%2F5574#wpcf7-f7103-o1\" method=\"post\" class=\"wpcf7-form init\" aria-label=\"Contact form\" novalidate=\"novalidate\" data-status=\"init\">\n<fieldset class=\"hidden-fields-container\"><input type=\"hidden\" name=\"_wpcf7\" value=\"7103\" \/><input type=\"hidden\" name=\"_wpcf7_version\" value=\"6.1.5\" \/><input type=\"hidden\" name=\"_wpcf7_locale\" value=\"en_US\" \/><input type=\"hidden\" name=\"_wpcf7_unit_tag\" value=\"wpcf7-f7103-o1\" \/><input type=\"hidden\" name=\"_wpcf7_container_post\" value=\"0\" \/><input type=\"hidden\" name=\"_wpcf7_posted_data_hash\" value=\"\" \/>\n<\/fieldset>\n<p><label> Votre nom (obligatoire)<br \/>\n<span class=\"wpcf7-form-control-wrap\" data-name=\"your-name\"><input size=\"40\" maxlength=\"400\" class=\"wpcf7-form-control wpcf7-text wpcf7-validates-as-required\" aria-required=\"true\" aria-invalid=\"false\" placeholder=\"Votre nom\" value=\"\" type=\"text\" name=\"your-name\" \/><\/span> <\/label>\n<\/p>\n<p><label> Votre email (obligatoire)<br \/>\n<span class=\"wpcf7-form-control-wrap\" data-name=\"your-email\"><input size=\"40\" maxlength=\"400\" class=\"wpcf7-form-control wpcf7-email wpcf7-validates-as-required wpcf7-text wpcf7-validates-as-email\" aria-required=\"true\" aria-invalid=\"false\" placeholder=\"votre-email@exemple.com\" value=\"\" type=\"email\" name=\"your-email\" \/><\/span> <\/label>\n<\/p>\n<p><label> Quel est votre projet ?<br \/>\n<span class=\"wpcf7-form-control-wrap\" data-name=\"your-subject\"><select class=\"wpcf7-form-control wpcf7-select wpcf7-validates-as-required\" aria-required=\"true\" aria-invalid=\"false\" name=\"your-subject\"><option value=\"Reportage Vid\u00e9o\">Reportage Vid\u00e9o<\/option><option value=\"Teaser \u00c9v\u00e9nementiel\">Teaser \u00c9v\u00e9nementiel<\/option><option value=\"AfterMovie\">AfterMovie<\/option><option value=\"Autre projet\">Autre projet<\/option><\/select><\/span> <\/label>\n<\/p>\n<p><label> Votre message<br \/>\n<span class=\"wpcf7-form-control-wrap\" data-name=\"your-message\"><textarea cols=\"40\" rows=\"10\" maxlength=\"2000\" class=\"wpcf7-form-control wpcf7-textarea\" aria-invalid=\"false\" placeholder=\"Dites-nous tout sur votre projet \u00e0 Lille...\" name=\"your-message\"><\/textarea><\/span> <\/label>\n<\/p>\n<p><input class=\"wpcf7-form-control wpcf7-submit has-spinner\" type=\"submit\" value=\"Envoyer ma demande\" \/>\n<\/p><div class=\"wpcf7-response-output\" aria-hidden=\"true\"><\/div>\n<\/form>\n<\/div>\n\n<\/div>\n","protected":false},"excerpt":{"rendered":"<p>COMMENT NOUS TRAVAILLONS Notre fonctionnement 1. Planification L&#8217;\u00e9tape cl\u00e9 pour une vid\u00e9o qui impacte. Nous organisons la logistique technique et le rep\u00e9rage de vos lieux de tournage dans la m\u00e9tropole de Lille&nbsp;pour ne laisser aucune place \u00e0 l&#8217;impr\u00e9vu. Que ce soit pour un \u00e9v\u00e9nement \u00e9tudiant ou un teaser de marque, nous cadrons vos objectifs avant &hellip; <\/p>\n<p class=\"link-more\"><a href=\"https:\/\/buzz-edhec.com\/?page_id=5574\" class=\"more-link\">Read more<span class=\"screen-reader-text\"> &#8220;Services&#8221;<\/span><\/a><\/p>\n","protected":false},"author":1,"featured_media":0,"parent":0,"menu_order":0,"comment_status":"closed","ping_status":"closed","template":"page-templates\/full-width-transparent.php","meta":{"inspiro_hide_title":false,"footnotes":""},"class_list":["post-5574","page","type-page","status-publish","hentry"],"featured_media_urls":[],"_links":{"self":[{"href":"https:\/\/buzz-edhec.com\/index.php?rest_route=\/wp\/v2\/pages\/5574","targetHints":{"allow":["GET"]}}],"collection":[{"href":"https:\/\/buzz-edhec.com\/index.php?rest_route=\/wp\/v2\/pages"}],"about":[{"href":"https:\/\/buzz-edhec.com\/index.php?rest_route=\/wp\/v2\/types\/page"}],"author":[{"embeddable":true,"href":"https:\/\/buzz-edhec.com\/index.php?rest_route=\/wp\/v2\/users\/1"}],"replies":[{"embeddable":true,"href":"https:\/\/buzz-edhec.com\/index.php?rest_route=%2Fwp%2Fv2%2Fcomments&post=5574"}],"version-history":[{"count":29,"href":"https:\/\/buzz-edhec.com\/index.php?rest_route=\/wp\/v2\/pages\/5574\/revisions"}],"predecessor-version":[{"id":7212,"href":"https:\/\/buzz-edhec.com\/index.php?rest_route=\/wp\/v2\/pages\/5574\/revisions\/7212"}],"wp:attachment":[{"href":"https:\/\/buzz-edhec.com\/index.php?rest_route=%2Fwp%2Fv2%2Fmedia&parent=5574"}],"curies":[{"name":"wp","href":"https:\/\/api.w.org\/{rel}","templated":true}]}}