{"id":5206,"date":"2014-08-06T08:40:48","date_gmt":"2014-08-06T08:40:48","guid":{"rendered":"https:\/\/demo.wpzoom.com\/inspiro\/?page_id=5206"},"modified":"2026-04-02T06:35:37","modified_gmt":"2026-04-02T06:35:37","slug":"portfolio","status":"publish","type":"page","link":"https:\/\/buzz-edhec.com\/?page_id=5206","title":{"rendered":"Portfolio"},"content":{"rendered":"\n<p class=\"has-text-align-center\"><em><strong>D\u00e9couvrez les r\u00e9alisations de Buzz : Production audiovisuelle et storytelling \u00e0 Lille.<\/strong><\/em><\/p>\n\n\n\n<p class=\"has-text-align-center\"><em>Explorez notre portfolio de vid\u00e9os immersives, teasers et reportages \u00e9v\u00e9nementiels. De la 1\u00e8re \u00e0 la 14\u00e8me g\u00e9n\u00e9ration, nous mettons notre expertise cr\u00e9ative au service des projets les plus ambitieux de la m\u00e9tropole lilloise.<\/em><\/p>\n\n\n<div class=\"wpzoom-blocks wpzoom-blocks_portfolio-block wpzoom-portfolio-block-69f2bf04a8999 use-lightbox alignfull layout-grid columns-3 post_type-portfolio_item ajax-load-items wp-block-wpzoom-blocks-portfolio\" data-offset=\"9\" data-load-more='{\"categories\":[],\"class\":\"wpzoom-blocks_portfolio-block\",\"layout\":\"grid\",\"lightbox\":true,\"lightbox_caption\":false,\"order\":\"desc\",\"order_by\":\"menu_order date\",\"per_page\":9,\"read_more_label\":\"Read More\",\"show_author\":true,\"show_background_video\":true,\"show_date\":true,\"show_excerpt\":true,\"show_read_more\":true,\"show_thumbnail\":true,\"show_title\":false,\"source\":\"portfolio_item\",\"thumbnail_size\":\"portfolio_item-thumbnail\",\"total\":7}'><div class=\"wpzoom-blocks wpzoom-blocks_portfolio-block_filter\"><ul><li class=\"cat-item-all current-cat\">\n\t\t\t\t<a href=\"https:\/\/buzz-edhec.com\/?post_type=portfolio_item\" class=\"wpz-portfolio-filter_link\">All<\/a>\n\t\t\t<\/li>\t<li class=\"cat-item cat-item-44 cat-posts-total-1 wpz-block-button\"><a href=\"https:\/\/buzz-edhec.com\/?portfolio=autres\" class=\"wpz-portfolio-filter__link\">Autres<\/a>\n<\/li>\n\t<li class=\"cat-item cat-item-38 cat-posts-total-3 wpz-block-button\"><a href=\"https:\/\/buzz-edhec.com\/?portfolio=evenements\" class=\"wpz-portfolio-filter__link\">\u00c9v\u00e8nements<\/a>\n<\/li>\n\t<li class=\"cat-item cat-item-34 cat-posts-total-3 wpz-block-button\"><a href=\"https:\/\/buzz-edhec.com\/?portfolio=soirees\" class=\"wpz-portfolio-filter__link\">Soir\u00e9es<\/a>\n<\/li>\n<\/ul><\/div><ul class=\"wpzoom-blocks wpzoom-blocks_portfolio-block_items-list\"><li class='wpzoom-blocks_portfolio-block_item wpzoom-blocks_portfolio-block_item-5770 wpzoom-blocks_portfolio-block_category-44 has-cover'  data-category='44'><article class='wpzoom-blocks_portfolio-block_item-wrap portfolio_item'><div class='wpzoom-blocks_portfolio-block_item-thumbnail'>\n\t\t\t\t\t\t<div class='wpzoom-blocks_portfolio-block_item-media'>\n\t\t\t\t\t\t\t<a href='https:\/\/buzz-edhec.com\/?portfolio_item=gwoon' title='TRAILER BUZZ 13eme G\u00c9N\u00c9RATION' rel='bookmark'><img loading=\"lazy\" decoding=\"async\" width=\"600\" height=\"400\" src=\"https:\/\/buzz-edhec.com\/wp-content\/uploads\/2018\/01\/IMG_0084-600x400.webp\" class=\"attachment-portfolio_item-thumbnail size-portfolio_item-thumbnail wp-post-image\" alt=\"Photo de la 13\u00e8me g\u00e9n\u00e9ration de l&#039;association BUZZ \u00e0 Lille\" srcset=\"https:\/\/buzz-edhec.com\/wp-content\/uploads\/2018\/01\/IMG_0084-600x400.webp 600w, https:\/\/buzz-edhec.com\/wp-content\/uploads\/2018\/01\/IMG_0084-1200x800.webp 1200w\" sizes=\"auto, 100vw\" \/><\/a>\n\t\t\t\t\t\t<\/div><div class=\"portfolio-block-entry-thumbnail-popover-content\" data-show-caption=\"\"><a class=\"mfp-image portfolio-block-popup-video popup_image_icon\" href=\"https:\/\/buzz-edhec.com\/wp-content\/uploads\/2018\/01\/IMG_0084.webp\" aria-label=\"TRAILER BUZZ 13eme G\u00c9N\u00c9RATION\"><span class='wpzoom-blocks_portfolio-block_lightbox_icon'>\n\t\t\t\t\t\t\t\t\t\t<svg enable-background='new 0 0 32 32' id='Layer_4' version='1.1' viewBox='0 0 32 32' xml:space='preserve' xmlns='http:\/\/www.w3.org\/2000\/svg' xmlns:xlink='http:\/\/www.w3.org\/1999\/xlink'>\n\t\t\t\t\t\t\t\t\t\t\t<g>\n\t\t\t\t\t\t\t\t\t\t\t\t<rect fill='none' height='30' stroke='#fff' stroke-linejoin='round' stroke-miterlimit='10' stroke-width='2' transform='matrix(6.123234e-17 -1 1 6.123234e-17 0 32)' width='30' x='1' y='1'\/>\n\t\t\t\t\t\t\t\t\t\t\t\t\t<line fill='none' stroke='#fff' stroke-linejoin='round' stroke-miterlimit='10' stroke-width='2' x1='27' x2='5' y1='5' y2='27'\/><polyline fill='none' points='16,27 5,27 5,16' stroke='#fff' stroke-linejoin='round' stroke-miterlimit='10' stroke-width='2'\/>\n\t\t\t\t\t\t\t\t\t\t\t\t\t<polyline fill='none' points='16,5 27,5 27,16' stroke='#fff' stroke-linejoin='round' stroke-miterlimit='10' stroke-width='2'\/>\n\t\t\t\t\t\t\t\t\t\t\t<\/g>\n\t\t\t\t\t\t\t\t\t\t<\/svg>\n\t\t\t\t\t\t\t\t\t<\/span><\/a><span class=\"portfolio_item-title\" style=\"display: none;\"><a href=\"https:\/\/buzz-edhec.com\/?portfolio_item=gwoon\" title=\"TRAILER BUZZ 13eme G\u00c9N\u00c9RATION\">TRAILER BUZZ 13eme G\u00c9N\u00c9RATION<\/a><\/span><\/div><\/div><div class='wpzoom-blocks_portfolio-block_item-details'><h3 class='wpzoom-blocks_portfolio-block_item-title'><a href='https:\/\/buzz-edhec.com\/?portfolio_item=gwoon' title='TRAILER BUZZ 13eme G\u00c9N\u00c9RATION' rel='bookmark'>TRAILER BUZZ 13eme G\u00c9N\u00c9RATION<\/a><\/h3><\/div><\/article><\/li><li class='wpzoom-blocks_portfolio-block_item wpzoom-blocks_portfolio-block_item-5746 wpzoom-blocks_portfolio-block_category-34 has-cover'  data-category='34'><article class='wpzoom-blocks_portfolio-block_item-wrap portfolio_item'><div class='wpzoom-blocks_portfolio-block_item-thumbnail'>\n\t\t\t\t\t\t<div class='wpzoom-blocks_portfolio-block_item-media'>\n\t\t\t\t\t\t\t<a href='https:\/\/buzz-edhec.com\/?portfolio_item=christchurch-kia-kaha-new-zealand' title='&#8220;LE RECAP&#8221; 2026 BUZZ' rel='bookmark'><img loading=\"lazy\" decoding=\"async\" width=\"600\" height=\"400\" src=\"https:\/\/buzz-edhec.com\/wp-content\/uploads\/2017\/09\/Capture-decran-2026-03-31-a-19.32.51-e1774978617647-600x400.webp\" class=\"attachment-portfolio_item-thumbnail size-portfolio_item-thumbnail wp-post-image\" alt=\"alt=&quot;\u00c9v\u00e9nement Le Recap par Buzz \u00e0 Lille : retour en images sur la soir\u00e9e de la 13\u00e8me g\u00e9n\u00e9ration.\" sizes=\"auto, 100vw\" \/><\/a>\n\t\t\t\t\t\t<\/div><div class=\"portfolio-block-entry-thumbnail-popover-content\" data-show-caption=\"\"><a class=\"mfp-image portfolio-block-popup-video popup_image_icon\" href=\"https:\/\/buzz-edhec.com\/wp-content\/uploads\/2017\/09\/Capture-decran-2026-03-31-a-19.32.51-e1774978617647.webp\" aria-label=\"&#8220;LE RECAP&#8221; 2026 BUZZ\"><span class='wpzoom-blocks_portfolio-block_lightbox_icon'>\n\t\t\t\t\t\t\t\t\t\t<svg enable-background='new 0 0 32 32' id='Layer_4' version='1.1' viewBox='0 0 32 32' xml:space='preserve' xmlns='http:\/\/www.w3.org\/2000\/svg' xmlns:xlink='http:\/\/www.w3.org\/1999\/xlink'>\n\t\t\t\t\t\t\t\t\t\t\t<g>\n\t\t\t\t\t\t\t\t\t\t\t\t<rect fill='none' height='30' stroke='#fff' stroke-linejoin='round' stroke-miterlimit='10' stroke-width='2' transform='matrix(6.123234e-17 -1 1 6.123234e-17 0 32)' width='30' x='1' y='1'\/>\n\t\t\t\t\t\t\t\t\t\t\t\t\t<line fill='none' stroke='#fff' stroke-linejoin='round' stroke-miterlimit='10' stroke-width='2' x1='27' x2='5' y1='5' y2='27'\/><polyline fill='none' points='16,27 5,27 5,16' stroke='#fff' stroke-linejoin='round' stroke-miterlimit='10' stroke-width='2'\/>\n\t\t\t\t\t\t\t\t\t\t\t\t\t<polyline fill='none' points='16,5 27,5 27,16' stroke='#fff' stroke-linejoin='round' stroke-miterlimit='10' stroke-width='2'\/>\n\t\t\t\t\t\t\t\t\t\t\t<\/g>\n\t\t\t\t\t\t\t\t\t\t<\/svg>\n\t\t\t\t\t\t\t\t\t<\/span><\/a><span class=\"portfolio_item-title\" style=\"display: none;\"><a href=\"https:\/\/buzz-edhec.com\/?portfolio_item=christchurch-kia-kaha-new-zealand\" title=\"&#8220;LE RECAP&#8221; 2026 BUZZ\">&#8220;LE RECAP&#8221; 2026 BUZZ<\/a><\/span><\/div><\/div><div class='wpzoom-blocks_portfolio-block_item-details'><h3 class='wpzoom-blocks_portfolio-block_item-title'><a href='https:\/\/buzz-edhec.com\/?portfolio_item=christchurch-kia-kaha-new-zealand' title='&#8220;LE RECAP&#8221; 2026 BUZZ' rel='bookmark'>&#8220;LE RECAP&#8221; 2026 BUZZ<\/a><\/h3><\/div><\/article><\/li><li class='wpzoom-blocks_portfolio-block_item wpzoom-blocks_portfolio-block_item-5711 wpzoom-blocks_portfolio-block_category-38 has-cover'  data-category='38'><article class='wpzoom-blocks_portfolio-block_item-wrap portfolio_item'><div class='wpzoom-blocks_portfolio-block_item-thumbnail'>\n\t\t\t\t\t\t<div class='wpzoom-blocks_portfolio-block_item-media'>\n\t\t\t\t\t\t\t<a href='https:\/\/buzz-edhec.com\/?portfolio_item=ivory-fly-style' title='L&amp;E Montage Boucle Rose 2025' rel='bookmark'><img loading=\"lazy\" decoding=\"async\" width=\"600\" height=\"400\" src=\"https:\/\/buzz-edhec.com\/wp-content\/uploads\/2017\/09\/Capture-decran-2026-03-31-a-19.45.59-600x400.webp\" class=\"attachment-portfolio_item-thumbnail size-portfolio_item-thumbnail wp-post-image\" alt=\"\" srcset=\"https:\/\/buzz-edhec.com\/wp-content\/uploads\/2017\/09\/Capture-decran-2026-03-31-a-19.45.59-600x400.webp 600w, https:\/\/buzz-edhec.com\/wp-content\/uploads\/2017\/09\/Capture-decran-2026-03-31-a-19.45.59-1200x800.webp 1200w\" sizes=\"auto, 100vw\" \/><\/a>\n\t\t\t\t\t\t<\/div><div class=\"portfolio-block-entry-thumbnail-popover-content\" data-show-caption=\"\"><a class=\"mfp-image portfolio-block-popup-video popup_image_icon\" href=\"https:\/\/buzz-edhec.com\/wp-content\/uploads\/2017\/09\/Capture-decran-2026-03-31-a-19.45.59.webp\" aria-label=\"L&amp;E Montage Boucle Rose 2025\"><span class='wpzoom-blocks_portfolio-block_lightbox_icon'>\n\t\t\t\t\t\t\t\t\t\t<svg enable-background='new 0 0 32 32' id='Layer_4' version='1.1' viewBox='0 0 32 32' xml:space='preserve' xmlns='http:\/\/www.w3.org\/2000\/svg' xmlns:xlink='http:\/\/www.w3.org\/1999\/xlink'>\n\t\t\t\t\t\t\t\t\t\t\t<g>\n\t\t\t\t\t\t\t\t\t\t\t\t<rect fill='none' height='30' stroke='#fff' stroke-linejoin='round' stroke-miterlimit='10' stroke-width='2' transform='matrix(6.123234e-17 -1 1 6.123234e-17 0 32)' width='30' x='1' y='1'\/>\n\t\t\t\t\t\t\t\t\t\t\t\t\t<line fill='none' stroke='#fff' stroke-linejoin='round' stroke-miterlimit='10' stroke-width='2' x1='27' x2='5' y1='5' y2='27'\/><polyline fill='none' points='16,27 5,27 5,16' stroke='#fff' stroke-linejoin='round' stroke-miterlimit='10' stroke-width='2'\/>\n\t\t\t\t\t\t\t\t\t\t\t\t\t<polyline fill='none' points='16,5 27,5 27,16' stroke='#fff' stroke-linejoin='round' stroke-miterlimit='10' stroke-width='2'\/>\n\t\t\t\t\t\t\t\t\t\t\t<\/g>\n\t\t\t\t\t\t\t\t\t\t<\/svg>\n\t\t\t\t\t\t\t\t\t<\/span><\/a><span class=\"portfolio_item-title\" style=\"display: none;\"><a href=\"https:\/\/buzz-edhec.com\/?portfolio_item=ivory-fly-style\" title=\"L&amp;E Montage Boucle Rose 2025\">L&amp;E Montage Boucle Rose 2025<\/a><\/span><\/div><\/div><div class='wpzoom-blocks_portfolio-block_item-details'><h3 class='wpzoom-blocks_portfolio-block_item-title'><a href='https:\/\/buzz-edhec.com\/?portfolio_item=ivory-fly-style' title='L&amp;E Montage Boucle Rose 2025' rel='bookmark'>L&amp;E Montage Boucle Rose 2025<\/a><\/h3><\/div><\/article><\/li><li class='wpzoom-blocks_portfolio-block_item wpzoom-blocks_portfolio-block_item-5709 wpzoom-blocks_portfolio-block_category-38 has-cover'  data-category='38'><article class='wpzoom-blocks_portfolio-block_item-wrap portfolio_item'><div class='wpzoom-blocks_portfolio-block_item-thumbnail'>\n\t\t\t\t\t\t<div class='wpzoom-blocks_portfolio-block_item-media'>\n\t\t\t\t\t\t\t<a href='https:\/\/buzz-edhec.com\/?portfolio_item=porsche-macan' title='VID\u00c9O FORUM DES ASSOCIATIONS BBA 2025-2026' rel='bookmark'><img loading=\"lazy\" decoding=\"async\" width=\"600\" height=\"400\" src=\"https:\/\/buzz-edhec.com\/wp-content\/uploads\/2017\/09\/Capture-decran-2026-03-31-a-19.55.26-600x400.webp\" class=\"attachment-portfolio_item-thumbnail size-portfolio_item-thumbnail wp-post-image\" alt=\"Vue d&#039;ensemble du Forum des Assos organis\u00e9 par le BDE \u00e0 Lille, \u00e9v\u00e9nement de la vie \u00e9tudiante lilloise.\" srcset=\"https:\/\/buzz-edhec.com\/wp-content\/uploads\/2017\/09\/Capture-decran-2026-03-31-a-19.55.26-600x400.webp 600w, https:\/\/buzz-edhec.com\/wp-content\/uploads\/2017\/09\/Capture-decran-2026-03-31-a-19.55.26-1200x800.webp 1200w\" sizes=\"auto, 100vw\" \/><\/a>\n\t\t\t\t\t\t<\/div><div class=\"portfolio-block-entry-thumbnail-popover-content\" data-show-caption=\"\"><a class=\"mfp-image portfolio-block-popup-video popup_image_icon\" href=\"https:\/\/buzz-edhec.com\/wp-content\/uploads\/2017\/09\/Capture-decran-2026-03-31-a-19.55.26.webp\" aria-label=\"VID\u00c9O FORUM DES ASSOCIATIONS BBA 2025-2026\"><span class='wpzoom-blocks_portfolio-block_lightbox_icon'>\n\t\t\t\t\t\t\t\t\t\t<svg enable-background='new 0 0 32 32' id='Layer_4' version='1.1' viewBox='0 0 32 32' xml:space='preserve' xmlns='http:\/\/www.w3.org\/2000\/svg' xmlns:xlink='http:\/\/www.w3.org\/1999\/xlink'>\n\t\t\t\t\t\t\t\t\t\t\t<g>\n\t\t\t\t\t\t\t\t\t\t\t\t<rect fill='none' height='30' stroke='#fff' stroke-linejoin='round' stroke-miterlimit='10' stroke-width='2' transform='matrix(6.123234e-17 -1 1 6.123234e-17 0 32)' width='30' x='1' y='1'\/>\n\t\t\t\t\t\t\t\t\t\t\t\t\t<line fill='none' stroke='#fff' stroke-linejoin='round' stroke-miterlimit='10' stroke-width='2' x1='27' x2='5' y1='5' y2='27'\/><polyline fill='none' points='16,27 5,27 5,16' stroke='#fff' stroke-linejoin='round' stroke-miterlimit='10' stroke-width='2'\/>\n\t\t\t\t\t\t\t\t\t\t\t\t\t<polyline fill='none' points='16,5 27,5 27,16' stroke='#fff' stroke-linejoin='round' stroke-miterlimit='10' stroke-width='2'\/>\n\t\t\t\t\t\t\t\t\t\t\t<\/g>\n\t\t\t\t\t\t\t\t\t\t<\/svg>\n\t\t\t\t\t\t\t\t\t<\/span><\/a><span class=\"portfolio_item-title\" style=\"display: none;\"><a href=\"https:\/\/buzz-edhec.com\/?portfolio_item=porsche-macan\" title=\"VID\u00c9O FORUM DES ASSOCIATIONS BBA 2025-2026\">VID\u00c9O FORUM DES ASSOCIATIONS BBA 2025-2026<\/a><\/span><\/div><\/div><div class='wpzoom-blocks_portfolio-block_item-details'><h3 class='wpzoom-blocks_portfolio-block_item-title'><a href='https:\/\/buzz-edhec.com\/?portfolio_item=porsche-macan' title='VID\u00c9O FORUM DES ASSOCIATIONS BBA 2025-2026' rel='bookmark'>VID\u00c9O FORUM DES ASSOCIATIONS BBA 2025-2026<\/a><\/h3><\/div><\/article><\/li><li class='wpzoom-blocks_portfolio-block_item wpzoom-blocks_portfolio-block_item-5705 wpzoom-blocks_portfolio-block_category-34 has-cover'  data-category='34'><article class='wpzoom-blocks_portfolio-block_item-wrap portfolio_item'><div class='wpzoom-blocks_portfolio-block_item-thumbnail'>\n\t\t\t\t\t\t<div class='wpzoom-blocks_portfolio-block_item-media'>\n\t\t\t\t\t\t\t<a href='https:\/\/buzz-edhec.com\/?portfolio_item=finlandia' title='SHOT #5 BUZZ 2025-2026' rel='bookmark'><img loading=\"lazy\" decoding=\"async\" width=\"600\" height=\"400\" src=\"https:\/\/buzz-edhec.com\/wp-content\/uploads\/2017\/09\/Capture-decran-2026-03-31-a-20.30.57-600x400.webp\" class=\"attachment-portfolio_item-thumbnail size-portfolio_item-thumbnail wp-post-image\" alt=\"Vue d&#039;ensemble du 5\u00e8me SHOT cr\u00e9e par BUZZ \u00e0 Lille, \u00e9v\u00e9nement de la vie \u00e9tudiante lilloise.\" srcset=\"https:\/\/buzz-edhec.com\/wp-content\/uploads\/2017\/09\/Capture-decran-2026-03-31-a-20.30.57-600x400.webp 600w, https:\/\/buzz-edhec.com\/wp-content\/uploads\/2017\/09\/Capture-decran-2026-03-31-a-20.30.57-1200x800.webp 1200w\" sizes=\"auto, 100vw\" \/><\/a>\n\t\t\t\t\t\t<\/div><div class=\"portfolio-block-entry-thumbnail-popover-content\" data-show-caption=\"\"><a class=\"mfp-image portfolio-block-popup-video popup_image_icon\" href=\"https:\/\/buzz-edhec.com\/wp-content\/uploads\/2017\/09\/Capture-decran-2026-03-31-a-20.30.57.webp\" aria-label=\"SHOT #5 BUZZ 2025-2026\"><span class='wpzoom-blocks_portfolio-block_lightbox_icon'>\n\t\t\t\t\t\t\t\t\t\t<svg enable-background='new 0 0 32 32' id='Layer_4' version='1.1' viewBox='0 0 32 32' xml:space='preserve' xmlns='http:\/\/www.w3.org\/2000\/svg' xmlns:xlink='http:\/\/www.w3.org\/1999\/xlink'>\n\t\t\t\t\t\t\t\t\t\t\t<g>\n\t\t\t\t\t\t\t\t\t\t\t\t<rect fill='none' height='30' stroke='#fff' stroke-linejoin='round' stroke-miterlimit='10' stroke-width='2' transform='matrix(6.123234e-17 -1 1 6.123234e-17 0 32)' width='30' x='1' y='1'\/>\n\t\t\t\t\t\t\t\t\t\t\t\t\t<line fill='none' stroke='#fff' stroke-linejoin='round' stroke-miterlimit='10' stroke-width='2' x1='27' x2='5' y1='5' y2='27'\/><polyline fill='none' points='16,27 5,27 5,16' stroke='#fff' stroke-linejoin='round' stroke-miterlimit='10' stroke-width='2'\/>\n\t\t\t\t\t\t\t\t\t\t\t\t\t<polyline fill='none' points='16,5 27,5 27,16' stroke='#fff' stroke-linejoin='round' stroke-miterlimit='10' stroke-width='2'\/>\n\t\t\t\t\t\t\t\t\t\t\t<\/g>\n\t\t\t\t\t\t\t\t\t\t<\/svg>\n\t\t\t\t\t\t\t\t\t<\/span><\/a><span class=\"portfolio_item-title\" style=\"display: none;\"><a href=\"https:\/\/buzz-edhec.com\/?portfolio_item=finlandia\" title=\"SHOT #5 BUZZ 2025-2026\">SHOT #5 BUZZ 2025-2026<\/a><\/span><\/div><\/div><div class='wpzoom-blocks_portfolio-block_item-details'><h3 class='wpzoom-blocks_portfolio-block_item-title'><a href='https:\/\/buzz-edhec.com\/?portfolio_item=finlandia' title='SHOT #5 BUZZ 2025-2026' rel='bookmark'>SHOT #5 BUZZ 2025-2026<\/a><\/h3><\/div><\/article><\/li><li class='wpzoom-blocks_portfolio-block_item wpzoom-blocks_portfolio-block_item-5703 wpzoom-blocks_portfolio-block_category-38 has-cover'  data-category='38'><article class='wpzoom-blocks_portfolio-block_item-wrap portfolio_item'><div class='wpzoom-blocks_portfolio-block_item-thumbnail'>\n\t\t\t\t\t\t<div class='wpzoom-blocks_portfolio-block_item-media'>\n\t\t\t\t\t\t\t<a href='https:\/\/buzz-edhec.com\/?portfolio_item=tendance-roadster' title='GP 2025-2026 EDHEC BBA' rel='bookmark'><img loading=\"lazy\" decoding=\"async\" width=\"600\" height=\"400\" src=\"https:\/\/buzz-edhec.com\/wp-content\/uploads\/2017\/09\/Capture-decran-2026-03-31-a-20.37.02-600x400.webp\" class=\"attachment-portfolio_item-thumbnail size-portfolio_item-thumbnail wp-post-image\" alt=\"Vue d&#039;ensemble du GP organis\u00e9 par rte \u00e0 Lille, \u00e9v\u00e9nement de la vie \u00e9tudiante lilloise.\" srcset=\"https:\/\/buzz-edhec.com\/wp-content\/uploads\/2017\/09\/Capture-decran-2026-03-31-a-20.37.02-600x400.webp 600w, https:\/\/buzz-edhec.com\/wp-content\/uploads\/2017\/09\/Capture-decran-2026-03-31-a-20.37.02-1200x800.webp 1200w\" sizes=\"auto, 100vw\" \/><\/a>\n\t\t\t\t\t\t<\/div><div class=\"portfolio-block-entry-thumbnail-popover-content\" data-show-caption=\"\"><a class=\"mfp-image portfolio-block-popup-video popup_image_icon\" href=\"https:\/\/buzz-edhec.com\/wp-content\/uploads\/2017\/09\/Capture-decran-2026-03-31-a-20.37.02.webp\" aria-label=\"GP 2025-2026 EDHEC BBA\"><span class='wpzoom-blocks_portfolio-block_lightbox_icon'>\n\t\t\t\t\t\t\t\t\t\t<svg enable-background='new 0 0 32 32' id='Layer_4' version='1.1' viewBox='0 0 32 32' xml:space='preserve' xmlns='http:\/\/www.w3.org\/2000\/svg' xmlns:xlink='http:\/\/www.w3.org\/1999\/xlink'>\n\t\t\t\t\t\t\t\t\t\t\t<g>\n\t\t\t\t\t\t\t\t\t\t\t\t<rect fill='none' height='30' stroke='#fff' stroke-linejoin='round' stroke-miterlimit='10' stroke-width='2' transform='matrix(6.123234e-17 -1 1 6.123234e-17 0 32)' width='30' x='1' y='1'\/>\n\t\t\t\t\t\t\t\t\t\t\t\t\t<line fill='none' stroke='#fff' stroke-linejoin='round' stroke-miterlimit='10' stroke-width='2' x1='27' x2='5' y1='5' y2='27'\/><polyline fill='none' points='16,27 5,27 5,16' stroke='#fff' stroke-linejoin='round' stroke-miterlimit='10' stroke-width='2'\/>\n\t\t\t\t\t\t\t\t\t\t\t\t\t<polyline fill='none' points='16,5 27,5 27,16' stroke='#fff' stroke-linejoin='round' stroke-miterlimit='10' stroke-width='2'\/>\n\t\t\t\t\t\t\t\t\t\t\t<\/g>\n\t\t\t\t\t\t\t\t\t\t<\/svg>\n\t\t\t\t\t\t\t\t\t<\/span><\/a><span class=\"portfolio_item-title\" style=\"display: none;\"><a href=\"https:\/\/buzz-edhec.com\/?portfolio_item=tendance-roadster\" title=\"GP 2025-2026 EDHEC BBA\">GP 2025-2026 EDHEC BBA<\/a><\/span><\/div><\/div><div class='wpzoom-blocks_portfolio-block_item-details'><h3 class='wpzoom-blocks_portfolio-block_item-title'><a href='https:\/\/buzz-edhec.com\/?portfolio_item=tendance-roadster' title='GP 2025-2026 EDHEC BBA' rel='bookmark'>GP 2025-2026 EDHEC BBA<\/a><\/h3><\/div><\/article><\/li><li class='wpzoom-blocks_portfolio-block_item wpzoom-blocks_portfolio-block_item-5701 wpzoom-blocks_portfolio-block_category-34 has-cover'  data-category='34'><article class='wpzoom-blocks_portfolio-block_item-wrap portfolio_item'><div class='wpzoom-blocks_portfolio-block_item-thumbnail'>\n\t\t\t\t\t\t<div class='wpzoom-blocks_portfolio-block_item-media'>\n\t\t\t\t\t\t\t<a href='https:\/\/buzz-edhec.com\/?portfolio_item=blvl-emotion' title='NOCTURNE 93 BDA' rel='bookmark'><img loading=\"lazy\" decoding=\"async\" width=\"600\" height=\"400\" src=\"https:\/\/buzz-edhec.com\/wp-content\/uploads\/2017\/09\/Capture-decran-2026-04-01-a-16.01.03-600x400.png\" class=\"attachment-portfolio_item-thumbnail size-portfolio_item-thumbnail wp-post-image\" alt=\"\" srcset=\"https:\/\/buzz-edhec.com\/wp-content\/uploads\/2017\/09\/Capture-decran-2026-04-01-a-16.01.03-600x400.png 600w, https:\/\/buzz-edhec.com\/wp-content\/uploads\/2017\/09\/Capture-decran-2026-04-01-a-16.01.03-1200x800.png 1200w\" sizes=\"auto, 100vw\" \/><\/a>\n\t\t\t\t\t\t<\/div><div class=\"portfolio-block-entry-thumbnail-popover-content\" data-show-caption=\"\"><a class=\"mfp-image portfolio-block-popup-video popup_image_icon\" href=\"https:\/\/buzz-edhec.com\/wp-content\/uploads\/2017\/09\/Capture-decran-2026-04-01-a-16.01.03-scaled.png\" aria-label=\"NOCTURNE 93 BDA\"><span class='wpzoom-blocks_portfolio-block_lightbox_icon'>\n\t\t\t\t\t\t\t\t\t\t<svg enable-background='new 0 0 32 32' id='Layer_4' version='1.1' viewBox='0 0 32 32' xml:space='preserve' xmlns='http:\/\/www.w3.org\/2000\/svg' xmlns:xlink='http:\/\/www.w3.org\/1999\/xlink'>\n\t\t\t\t\t\t\t\t\t\t\t<g>\n\t\t\t\t\t\t\t\t\t\t\t\t<rect fill='none' height='30' stroke='#fff' stroke-linejoin='round' stroke-miterlimit='10' stroke-width='2' transform='matrix(6.123234e-17 -1 1 6.123234e-17 0 32)' width='30' x='1' y='1'\/>\n\t\t\t\t\t\t\t\t\t\t\t\t\t<line fill='none' stroke='#fff' stroke-linejoin='round' stroke-miterlimit='10' stroke-width='2' x1='27' x2='5' y1='5' y2='27'\/><polyline fill='none' points='16,27 5,27 5,16' stroke='#fff' stroke-linejoin='round' stroke-miterlimit='10' stroke-width='2'\/>\n\t\t\t\t\t\t\t\t\t\t\t\t\t<polyline fill='none' points='16,5 27,5 27,16' stroke='#fff' stroke-linejoin='round' stroke-miterlimit='10' stroke-width='2'\/>\n\t\t\t\t\t\t\t\t\t\t\t<\/g>\n\t\t\t\t\t\t\t\t\t\t<\/svg>\n\t\t\t\t\t\t\t\t\t<\/span><\/a><span class=\"portfolio_item-title\" style=\"display: none;\"><a href=\"https:\/\/buzz-edhec.com\/?portfolio_item=blvl-emotion\" title=\"NOCTURNE 93 BDA\">NOCTURNE 93 BDA<\/a><\/span><\/div><\/div><div class='wpzoom-blocks_portfolio-block_item-details'><h3 class='wpzoom-blocks_portfolio-block_item-title'><a href='https:\/\/buzz-edhec.com\/?portfolio_item=blvl-emotion' title='NOCTURNE 93 BDA' rel='bookmark'>NOCTURNE 93 BDA<\/a><\/h3><\/div><\/article><\/li><li class=\"wpzoom-preloader-container\"><div class=\"wpzoom-portfolio-preloader\"><svg  width=\"75\" version=\"1.1\" id=\"L4\" xmlns=\"http:\/\/www.w3.org\/2000\/svg\" xmlns:xlink=\"http:\/\/www.w3.org\/1999\/xlink\" x=\"0px\" y=\"0px\" viewBox=\"0 0 100 100\" enable-background=\"new 0 0 0 0\" xml:space=\"preserve\">\n\t\t  <circle fill=\"#000\" stroke=\"none\" cx=\"6\" cy=\"50\" r=\"6\"><animate attributeName=\"opacity\" dur=\"1s\" values=\"0;1;0\" repeatCount=\"indefinite\" begin=\"0.1\"\/><\/circle>\n\t\t  <circle fill=\"#000\" stroke=\"none\" cx=\"26\" cy=\"50\" r=\"6\"><animate attributeName=\"opacity\" dur=\"1s\" values=\"0;1;0\" repeatCount=\"indefinite\" begin=\"0.2\"\/><\/circle>\n\t\t  <circle fill=\"#000\" stroke=\"none\" cx=\"46\" cy=\"50\" r=\"6\"><animate attributeName=\"opacity\" dur=\"1s\" values=\"0;1;0\" repeatCount=\"indefinite\" begin=\"0.3\"\/><\/circle>\n\t\t<\/svg><\/div><\/li><\/ul><\/div><!--.wpzoom-blocks wpzoom-blocks_portfolio-block--><style>.wpzoom-blocks_portfolio-block.wpzoom-portfolio-block-69f2bf04a8999 {}.wpzoom-blocks_portfolio-block.wpzoom-portfolio-block-69f2bf04a8999 { color:#000}.wpzoom-blocks_portfolio-block.wpzoom-portfolio-block-69f2bf04a8999 .wpzoom-blocks_portfolio-block_filter ul li a,\n\t\t\t.wpzoom-blocks_portfolio-block.wpzoom-portfolio-block-69f2bf04a8999.layout-list .wpzoom-blocks_portfolio-block_items-list .wpzoom-blocks_portfolio-block_item .wpzoom-blocks_portfolio-block_item-title a {\n\t\t\t\tcolor:#000;\n\t\t\t}.wpzoom-blocks_portfolio-block.wpzoom-portfolio-block-69f2bf04a8999 .wpzoom-blocks_portfolio-block_filter ul li a:hover,\n\t\t\t\t.wpzoom-blocks_portfolio-block.wpzoom-portfolio-block-69f2bf04a8999 .wpzoom-blocks_portfolio-block_filter ul li.current-cat a:hover,\n\t\t\t\t.wpzoom-blocks_portfolio-.wpzoom-portfolio-block-69f2bf04a8999.layout-list .wpzoom-blocks_portfolio-block_items-list .wpzoom-blocks_portfolio-block_item .wpzoom-blocks_portfolio-block_item-title a:hover {\n\t\t\t\t\tcolor:#0BB4AA;\n\t\t\t\t}.wpzoom-blocks_portfolio-block.wpzoom-portfolio-block-69f2bf04a8999 .wpzoom-blocks_portfolio-block_filter ul li.current-cat a { color:#0BB4AA; }.wpzoom-blocks_portfolio-block.wpzoom-portfolio-block-69f2bf04a8999 .wpzoom-blocks_portfolio-block_filter ul li a {font-weight: 400 !important;letter-spacing: 1px;}.wpzoom-blocks_portfolio-block.wpzoom-portfolio-block-69f2bf04a8999 .wpzoom-blocks_portfolio-block_item-details .wpzoom-blocks_portfolio-block_item-title a {line-height: 1.2;font-weight: 500 !important;letter-spacing: 1px;}.wpzoom-blocks_portfolio-block.wpzoom-portfolio-block-69f2bf04a8999 .wpz-portfolio-button__link {letter-spacing: 1px;border-style:solid;border-width:0px;}<\/style>","protected":false},"excerpt":{"rendered":"<p>D\u00e9couvrez les r\u00e9alisations de Buzz : Production audiovisuelle et storytelling \u00e0 Lille. Explorez notre portfolio de vid\u00e9os immersives, teasers et reportages \u00e9v\u00e9nementiels. De la 1\u00e8re \u00e0 la 14\u00e8me g\u00e9n\u00e9ration, nous mettons notre expertise cr\u00e9ative au service des projets les plus ambitieux de la m\u00e9tropole lilloise.<\/p>\n","protected":false},"author":1,"featured_media":0,"parent":0,"menu_order":0,"comment_status":"open","ping_status":"open","template":"page-templates\/full-width-builder-bb.php","meta":{"inspiro_hide_title":false,"footnotes":""},"class_list":["post-5206","page","type-page","status-publish","hentry"],"featured_media_urls":[],"_links":{"self":[{"href":"https:\/\/buzz-edhec.com\/index.php?rest_route=\/wp\/v2\/pages\/5206","targetHints":{"allow":["GET"]}}],"collection":[{"href":"https:\/\/buzz-edhec.com\/index.php?rest_route=\/wp\/v2\/pages"}],"about":[{"href":"https:\/\/buzz-edhec.com\/index.php?rest_route=\/wp\/v2\/types\/page"}],"author":[{"embeddable":true,"href":"https:\/\/buzz-edhec.com\/index.php?rest_route=\/wp\/v2\/users\/1"}],"replies":[{"embeddable":true,"href":"https:\/\/buzz-edhec.com\/index.php?rest_route=%2Fwp%2Fv2%2Fcomments&post=5206"}],"version-history":[{"count":2,"href":"https:\/\/buzz-edhec.com\/index.php?rest_route=\/wp\/v2\/pages\/5206\/revisions"}],"predecessor-version":[{"id":7097,"href":"https:\/\/buzz-edhec.com\/index.php?rest_route=\/wp\/v2\/pages\/5206\/revisions\/7097"}],"wp:attachment":[{"href":"https:\/\/buzz-edhec.com\/index.php?rest_route=%2Fwp%2Fv2%2Fmedia&parent=5206"}],"curies":[{"name":"wp","href":"https:\/\/api.w.org\/{rel}","templated":true}]}}